{"id":70,"date":"2022-01-22T22:51:15","date_gmt":"2022-01-22T14:51:15","guid":{"rendered":"https:\/\/bus3.ub.gov.mn\/?page_id=70"},"modified":"2022-12-07T14:51:41","modified_gmt":"2022-12-07T06:51:41","slug":"legals","status":"publish","type":"page","link":"https:\/\/bus3.ub.gov.mn\/?page_id=70","title":{"rendered":"\u0425\u0443\u0443\u043b\u044c \u0442\u043e\u0433\u0442\u043e\u043e\u043c\u0436"},"content":{"rendered":"[vc_row type=&#8221;in_container&#8221; full_screen_row_position=&#8221;middle&#8221; full_height=&#8221;yes&#8221; scene_position=&#8221;center&#8221; text_color=&#8221;dark&#8221; text_align=&#8221;left&#8221; overlay_strength=&#8221;0.3&#8243; shape_divider_position=&#8221;bottom&#8221; bg_image_animation=&#8221;none&#8221; shape_type=&#8221;&#8221;][vc_column column_padding=&#8221;no-extra-padding&#8221; column_padding_position=&#8221;all&#8221; background_color_opacity=&#8221;1&#8243; background_hover_color_opacity=&#8221;1&#8243; column_link_target=&#8221;_self&#8221; column_shadow=&#8221;none&#8221; column_border_radius=&#8221;none&#8221; width=&#8221;1\/1&#8243; tablet_width_inherit=&#8221;default&#8221; tablet_text_alignment=&#8221;default&#8221; phone_text_alignment=&#8221;default&#8221; column_border_width=&#8221;none&#8221; column_border_style=&#8221;solid&#8221; bg_image_animation=&#8221;none&#8221;][vc_row_inner column_margin=&#8221;default&#8221; text_align=&#8221;left&#8221;][vc_column_inner column_padding=&#8221;no-extra-padding&#8221; column_padding_position=&#8221;all&#8221; background_color_opacity=&#8221;1&#8243; background_hover_color_opacity=&#8221;1&#8243; column_shadow=&#8221;none&#8221; column_border_radius=&#8221;none&#8221; column_link_target=&#8221;_self&#8221; width=&#8221;1\/1&#8243; tablet_width_inherit=&#8221;default&#8221; column_border_width=&#8221;none&#8221; column_border_style=&#8221;solid&#8221; bg_image_animation=&#8221;none&#8221;][vc_column_text]\n<h1>\u0425\u0443\u0443\u043b\u044c \u0442\u043e\u0433\u0442\u043e\u043e\u043c\u0436<\/h1>\n<p>\u0417\u043e\u0440\u0447\u0438\u0433\u0447 \u0442\u044d\u044d\u0432\u044d\u0440 3 \u041e\u041d\u04e8\u0410\u0410\u0422\u04ae\u0413 \u043d\u044c \u0434\u0430\u0440\u0430\u0430\u0445 \u0445\u0443\u0443\u043b\u0438\u0439\u043d \u0445\u04af\u0440\u044d\u044d\u043d\u0434 \u041c\u043e\u043d\u0433\u043e\u043b \u0443\u043b\u0441\u044b\u043d \u0433\u0430\u0437\u0430\u0440 \u043d\u0443\u0442\u0430\u0433\u0442 \u04af\u0439\u043b \u0430\u0436\u0438\u043b\u043b\u0430\u0433\u0430\u0430\u0433\u0430\u0430 \u044f\u0432\u0443\u0443\u043b\u0436 \u0431\u0430\u0439\u043d\u0430. \u0411\u0438\u0434 \u0445\u0443\u0443\u043b\u0438\u0430 \u044d\u0440\u0445\u044d\u043c\u043b\u044d\u043d, \u04af\u043d\u044d\u043d\u0447 \u0448\u0443\u0434\u0430\u0440\u0433\u0430, \u0442\u0430\u0432 \u0442\u0443\u0445\u0442\u0430\u0439 \u04af\u0439\u043b\u0447\u0438\u043b\u0433\u044d\u044d\u0433 \u0431\u0438\u0439 \u0431\u043e\u043b\u0433\u043e\u0445\u043e\u043e\u0440 \u0445\u0438\u0447\u044d\u044d\u043d \u0430\u0436\u0438\u043b\u043b\u0430\u0436 \u0431\u0430\u0439\u043d\u0430.[\/vc_column_text][vc_column_text]<a href=\"http:\/\/www.legalinfo.mn\/law\/details\/3?lawid=3\" target=\"_blank\" rel=\"noopener noreferrer\">\u0410\u0412\u0422\u041e \u0417\u0410\u041c\u042b\u041d \u0422\u0423\u0425\u0410\u0419<\/a><br \/>\n<a href=\"http:\/\/www.legalinfo.mn\/law\/details\/29?lawid=29\" target=\"_blank\" rel=\"noopener noreferrer\">\u0410\u0412\u0422\u041e\u0422\u042d\u042d\u0412\u0420\u0418\u0419\u041d \u0422\u0423\u0425\u0410\u0419 \u0425\u0423\u0423\u041b\u042c<\/a><br \/>\n<a href=\"http:\/\/www.legalinfo.mn\/law\/details\/54?lawid=54\" target=\"_blank\" rel=\"noopener noreferrer\">\u0410\u0420\u0425\u0418\u0412\u042b\u041d \u0422\u0423\u0425\u0410\u0419<\/a><br \/>\n<a href=\"http:\/\/www.legalinfo.mn\/law\/details\/11224?lawid=11224\" target=\"_blank\" rel=\"noopener noreferrer\">\u0417\u0410\u041c\u042b\u041d \u0425\u04e8\u0414\u04e8\u041b\u0413\u04e8\u04e8\u041d\u0418\u0419 \u0410\u042e\u0423\u041b\u0413\u04ae\u0419 \u0411\u0410\u0419\u0414\u041b\u042b\u041d \u0422\u0423\u0425\u0410\u0419<\/a><br \/>\n<a href=\"http:\/\/bus3.ub.gov.mn\/wp-content\/uploads\/2022\/12\/legalinfo.mn-\u0425\u04e8\u0414\u04e8\u041b\u041c\u04e8\u0420\u0418\u0419\u041d-\u0422\u0423\u0425\u0410\u0419-_\u0428\u0438\u043d\u044d\u0447\u0438\u043b\u0441\u044d\u043d-\u043d\u0430\u0439\u0440\u0443\u0443\u043b\u0433\u0430_.pdf\">\u0425\u04e8\u0414\u04e8\u041b\u041c\u04e8\u0420\u0418\u0419\u041d \u0422\u0423\u0425\u0410\u0419 \u0425\u0423\u0423\u041b\u042c<\/a><br \/>\n<a href=\"http:\/\/www.legalinfo.mn\/law\/details\/564?lawid=564\" target=\"_blank\" rel=\"noopener noreferrer\">\u0425\u04e8\u0414\u04e8\u041b\u041c\u04e8\u0420\u0418\u0419\u041d \u0410\u042e\u0423\u041b\u0413\u04ae\u0419 \u0411\u0410\u0419\u0414\u0410\u041b, \u042d\u0420\u04ae\u04ae\u041b \u0410\u0425\u0423\u0419\u041d \u0422\u0423\u0425\u0410\u0419<\/a><br \/>\n<a href=\"http:\/\/www.legalinfo.mn\/law\/details\/492?lawid=492\" target=\"_blank\" rel=\"noopener noreferrer\">\u0422\u04e8\u0420\u0418\u0419\u041d \u0411\u041e\u041b\u041e\u041d \u041e\u0420\u041e\u041d \u041d\u0423\u0422\u0413\u0418\u0419\u041d \u04e8\u041c\u0427\u0418\u0419\u041d \u0422\u0423\u0425\u0410\u0419<\/a><br \/>\n<a href=\"http:\/\/www.legalinfo.mn\/law\/details\/493?lawid=493\" target=\"_blank\" rel=\"noopener noreferrer\">\u0422\u04e8\u0420\u0418\u0419\u041d \u0411\u041e\u041b\u041e\u041d \u041e\u0420\u041e\u041d \u041d\u0423\u0422\u0413\u0418\u0419\u041d \u04e8\u041c\u0427\u0418\u0419\u041d \u0425\u04e8\u0420\u04e8\u041d\u0413\u04e8\u04e8\u0420 \u0411\u0410\u0420\u0410\u0410, \u0410\u0416\u0418\u041b, \u04ae\u0419\u041b\u0427\u0418\u041b\u0413\u042d\u042d \u00a0\u0425\u0423\u0414\u0410\u041b\u0414\u0410\u041d \u0410\u0412\u0410\u0425\u00a0 \u0422\u0423\u0425\u0410\u0419<\/a><br \/>\n<a href=\"http:\/\/www.legalinfo.mn\/law\/details\/12695\" target=\"_blank\" rel=\"noopener noreferrer\">\u0417\u04e8\u0420\u0427\u041b\u0418\u0419\u041d \u0422\u0423\u0425\u0410\u0419 \u0425\u0423\u0423\u041b\u042c<\/a>[\/vc_column_text][\/vc_column_inner][\/vc_row_inner][vc_row_inner column_margin=&#8221;default&#8221; text_align=&#8221;left&#8221;][vc_column_inner column_padding=&#8221;no-extra-padding&#8221; column_padding_position=&#8221;all&#8221; background_color_opacity=&#8221;1&#8243; background_hover_color_opacity=&#8221;1&#8243; column_shadow=&#8221;none&#8221; column_border_radius=&#8221;none&#8221; column_link_target=&#8221;_self&#8221; width=&#8221;1\/1&#8243; tablet_width_inherit=&#8221;default&#8221; column_border_width=&#8221;none&#8221; column_border_style=&#8221;solid&#8221; bg_image_animation=&#8221;none&#8221;][vc_column_text]\n<h1>\u0422\u0443\u0448\u0430\u0430\u043b \u0448\u0438\u0439\u0434\u0432\u044d\u0440<\/h1>\n<p>\u0417\u043e\u0440\u0447\u0438\u0433\u0447 \u0442\u044d\u044d\u0432\u044d\u0440 3 \u041e\u041d\u04e8\u0410\u0410\u0422\u04ae\u0413 \u043d\u044c \u0434\u0430\u0440\u0430\u0430\u0445 \u0445\u0443\u0443\u043b\u0438\u0439\u043d \u0445\u04af\u0440\u044d\u044d\u043d\u0434 \u041c\u043e\u043d\u0433\u043e\u043b \u0443\u043b\u0441\u044b\u043d \u0433\u0430\u0437\u0430\u0440 \u043d\u0443\u0442\u0430\u0433\u0442 \u04af\u0439\u043b \u0430\u0436\u0438\u043b\u043b\u0430\u0433\u0430\u0430\u0433\u0430\u0430 \u044f\u0432\u0443\u0443\u043b\u0436 \u0431\u0430\u0439\u043d\u0430. \u0411\u0438\u0434 \u0445\u0443\u0443\u043b\u0438\u0430 \u044d\u0440\u0445\u044d\u043c\u043b\u044d\u043d, \u04af\u043d\u044d\u043d\u0447 \u0448\u0443\u0434\u0430\u0440\u0433\u0430, \u0442\u0430\u0432 \u0442\u0443\u0445\u0442\u0430\u0439 \u04af\u0439\u043b\u0447\u0438\u043b\u0433\u044d\u044d\u0433 \u0431\u0438\u0439 \u0431\u043e\u043b\u0433\u043e\u0445\u043e\u043e\u0440 \u0445\u0438\u0447\u044d\u044d\u043d \u0430\u0436\u0438\u043b\u043b\u0430\u0436 \u0431\u0430\u0439\u043d\u0430.[\/vc_column_text][vc_column_text]<a href=\"http:\/\/bus3.ub.gov.mn\/wp-content\/uploads\/2019\/09\/2019.09.07-\u0410-41-\u04e8\u0432\u04e9\u043b\u0436\u0438\u043b\u0442\u044b\u043d-\u0431\u044d\u043b\u0442\u0433\u044d\u043b-\u0430\u0436\u0438\u043b-\u0445\u0430\u043d\u0433\u0430\u0445-\u0430\u0436\u043b\u044b\u043d-\u0445\u044d\u0441\u044d\u0433-\u0431\u0430\u0438\u0306\u0433.pdf\">2019.09.07 \u0410-41 \u04e8\u0412\u04e8\u041b\u0416\u0418\u041b\u0422\u0418\u0419\u041d \u0411\u042d\u041b\u0422\u0413\u042d\u041b \u0410\u0416\u0418\u041b \u0425\u0410\u041d\u0413\u0410\u0425 \u0410\u0416\u041b\u042b\u041d \u0425\u042d\u0421\u042d\u0413 \u0411\u0410\u0419\u0413\u0423\u0423\u041b\u0410\u0425 \u0422\u0423\u0425\u0410\u0419<\/a><br \/>\n<a href=\"http:\/\/bus3.ub.gov.mn\/wp-content\/uploads\/2019\/09\/2019.09.20-\u0410-43-\u042d\u043a\u043e-\u044f\u0432\u0433\u0430\u043d-\u0430\u044f\u043b\u0430\u043b-\u0437\u043e\u0445\u0438\u043e\u043d-\u0431\u0430\u0438\u0306\u0433\u0443\u0443\u043b\u0430\u0445-\u0442\u0443\u0445\u0430\u0438\u0306.pdf\">2019.09.20 \u0410-43 \u042d\u041a\u041e \u042f\u0412\u0413\u0410\u041d \u0410\u042f\u041b\u0410\u041b \u0417\u041e\u0425\u0418\u041e\u041d \u0411\u0410\u0419\u0413\u0423\u0423\u041b\u0425\u0420 \u0422\u0423\u0425\u0410\u0419<\/a><br \/>\n<a href=\"http:\/\/bus3.ub.gov.mn\/wp-content\/uploads\/2019\/09\/2019.09.20-\u0410-44-\u0410\u0440\u0445\u0438\u0432\u044b\u043d-\u0433\u0430\u043b\u044b\u043d-\u0430\u044e\u0443\u043b\u0433\u04af\u0438\u0306-\u0431\u0430\u0438\u0306\u0434\u043b\u044b\u043d-\u0434\u04af\u0440\u044d\u043c-\u0431\u0430\u0442\u043b\u0430\u0445-\u0442\u0443\u0445\u0430.pdf\">2019.09.20 \u0410-44 \u0410\u0420\u0425\u0418\u0412\u042b\u041d \u0413\u0410\u041b\u042b\u041d \u0410\u042e\u0423\u041b\u0413\u04ae\u0419 \u0411\u0410\u0419\u0414\u041b\u042b\u041d \u0414\u04ae\u0420\u042d\u041c \u0411\u0410\u0422\u041b\u0410\u0425 \u0422\u0423\u0425\u0410\u0419<\/a><br \/>\n<a href=\"http:\/\/bus3.ub.gov.mn\/wp-content\/uploads\/2019\/09\/2019.09.06-\u0410-40-\u0415\u0308\u0441-\u0437\u04af\u0438\u0306\u043d-\u0445\u043e\u0440\u043e\u043e\u043d\u044b-\u0431\u04af\u0440\u044d\u043b\u0434\u044d\u0445\u04af\u04af\u043d\u0438\u0438\u0306\u0433-\u04e9\u04e9\u0440\u0447\u043b\u04e9\u0445-\u0442\u0443\u0445\u0430\u0438\u0306.pdf\">2019.09.06 \u0410-40 \u0415\u0308C \u0417\u04ae\u0419\u041d \u0425\u041e\u0420\u041e\u041e\u041d\u042b \u0411\u04ae\u0420\u042d\u041b\u0414\u042d\u0425\u04ae\u04ae\u041d\u0418\u0419\u0413 \u04e8\u04e8\u0420\u0427\u041b\u04e8\u0425 \u0422\u0423\u0425\u0410\u0419<\/a><\/p>\n<p style=\"text-align: left;\"><a href=\"http:\/\/bus3.ub.gov.mn\/wp-content\/uploads\/2019\/03\/2019.01.15-\u00c4-05-\u00ed\u2022\u00c2\u2260\u00ae\u2122\u00ae\u00a9\u2260-\u2122\u00c6\u00a8\u00ae\u00b7\u00b7-\u2122\u00c6\u00a8\u00ae\u00b7\u00b7\u00ce\u2260-\u2020\u00b6\u00ae\u00b4\u00b4\u2020\u00c2-\u00b6\u201e\u2021\u2020\u00a8-\u00b0\u2020\u201a\u00b4\u2020\u00c2.pdf\">\u0422\u0415\u0425\u041d\u0418\u041a\u0418\u0419\u041d \u041a\u041e\u041c\u0418\u0421\u0421, \u041a\u041e\u041c\u0418\u0421\u0421\u042b\u041d \u0410\u0416\u0418\u041b\u041b\u0410\u0425 \u0416\u0423\u0420\u0410\u041c \u0411\u0410\u0422\u041b\u0410\u0425 \u0422\u0423\u0425\u0410\u0419<\/a><\/p>\n<p><a href=\"http:\/\/bus3.ub.gov.mn\/wp-content\/uploads\/2019\/03\/2019.01.15-\u00c4-05-\u00ed\u2022\u00c2\u2260\u00ae\u2122\u00ae\u00a9\u2260-\u2122\u00c6\u00a8\u00ae\u00b7\u00b7-\u2122\u00c6\u00a8\u00ae\u00b7\u00b7\u00ce\u2260-\u2020\u00b6\u00ae\u00b4\u00b4\u2020\u00c2-\u00b6\u201e\u2021\u2020\u00a8-\u00b0\u2020\u201a\u00b4\u2020\u00c2.pdf\">\u0414\u0423\u0413\u0423\u0419 \u041e\u041b\u0413\u041e\u0425, \u0410\u041a\u0422\u041b\u0410\u0425 \u0416\u0423\u0420\u0410\u041c \u0411\u0410\u0422\u041b\u0410\u0425 \u0422\u0423\u0425\u0410\u0419<\/a><br \/>\n<a href=\"http:\/\/bus3.ub.gov.mn\/wp-content\/uploads\/2019\/03\/2019.02.21-\u00c4-15-\u00e5\u00cc\u2021\u00a3\u00cc\u00b6\u00b4\u00ae\u00a9\u2260-\u00df\u00cc\u2021\u00cc\u00a3-\u00c6\u00b4\u00a3\u00c6\u00c2-\u2122\u00c6\u00a8\u00ae\u00b7\u00b7-\u2122\u00c6\u00a8\u00ae\u00b7\u00b7\u00ce\u2260-\u2020\u00b6\u00ae\u00b4\u00b4\u2020.pdf\">\u041c\u042d\u0420\u0413\u042d\u0416\u041b\u0418\u0419\u041d \u0417\u042d\u0420\u042d\u0413 \u041e\u041b\u0413\u041e\u0425 \u041a\u041e\u041c\u0418\u0421\u0421, \u041a\u041e\u041c\u0418\u0421\u0421\u042b\u041d \u0410\u0416\u0418\u041b\u041b\u0410\u0425 \u0416\u0423\u0420\u0410\u041c \u0411\u0410\u0422\u041b\u0410\u0425 \u0422\u0423\u0425\u0410\u0419<\/a><br \/>\n<a href=\"http:\/\/bus3.ub.gov.mn\/wp-content\/uploads\/2019\/03\/2019.02.21-\u00c4-16\u00ed\u00cc\u00cc\u00a2\u2021\u00ae\u00a9\u2260-\u00c2\u00cc\u2021\u00cc\u00a3\u00b7\u00b4dd\u00a7-\u00c2j\u2021\u00a3j\u00b4\u201a\u00a9\u00ae\u2260-\u00cb\u00ae\u2260\u00a3\u00cc\u2260\u00ae\u00a9\u00a3-\u00cb\u2020\u00b4\u00a3\u2020\u00c2.pdf\">\u0422\u042d\u042d\u0412\u0420\u0418\u0419\u041d \u0425\u042d\u0420\u042d\u0413\u0421\u041b\u04ae\u04ae\u0414\u042d\u0414 \u0425\u04e8\u0420\u0413\u04e8\u041b\u0422\u0418\u0419\u041d \u0428\u0418\u041d\u0413\u042d\u041d\u0418\u0419\u0413 \u0428\u0410\u041b\u0413\u0410\u0425, \u041e\u041b\u0413\u041e\u0425 \u0416\u0423\u0420\u0410\u041c \u0411\u0410\u0422\u041b\u0410\u0425 \u0422\u0423\u0425\u0410\u0419<\/a><br \/>\n<a href=\"http:\/\/bus3.ub.gov.mn\/wp-content\/uploads\/2019\/03\/201902.18-\u00c4-13-\u00c4\u00b6\u00ae\u00b4\u00c1\u00ce\u2260-\u2020\u00b6\u00ae\u00b4\u00b4\u2020\u00c2-\u2260j\u00c2\u00caj\u00b4\u2260\u00ae\u00a9\u00a3\u00a8\u00ae\u00a9\u2260-\u00b0\u2020\u201a\u2020\u00b4\u00a3\u2020\u2020\u00a3-\u00c2\u2020\u2260\u00a3\u2020.pdf\">\u0410\u0416\u0418\u041b\u0427\u0414\u042b\u041d \u0410\u0416\u0418\u041b\u041b\u0410\u0425 \u041d\u04e8\u0425\u0426\u04e8\u041b, \u041d\u0418\u0419\u0413\u041c\u0418\u0419\u041d \u0411\u0410\u0422\u0410\u041b\u0413\u0410\u0410\u0413 \u0425\u0410\u041d\u0413\u0410\u0425 \u0425\u04e8\u0422\u04e8\u041b\u0411\u04e8\u0420\u0418\u0419\u0413 \u0411\u0410\u0422\u041b\u0410\u0425 \u0422\u0423\u0425\u0410\u0419<\/a><br \/>\n<a href=\"http:\/\/bus3.ub.gov.mn\/wp-content\/uploads\/2019\/03\/2019.02.21-\u00c4-17-\u00eb\u00cc\u00b4\u00b0\u00cc\u00a3-\u00a8\u2020\u201a\u2022\u2021\u00ae\u2020\u00b4\u00ce\u2260-\u00c2\u2020\u2021\u00ae\u201e\u00ca\u00b4\u2020\u00a3\u2020-\u201a\u00c6\u00c6\u00ca\u00c6\u00c2-\u00b0\u2020\u201a\u00b4\u2020\u00c2-\u00b6\u201e\u2021\u2020.pdf\">\u0421\u042d\u041b\u0411\u042d\u0413, \u041c\u0410\u0422\u0415\u0420\u0418\u0410\u041b\u042b\u041d \u0425\u0410\u0420\u0418\u0423\u0426\u041b\u0410\u0413\u0410 \u0422\u041e\u041e\u0426\u041e\u0425 \u0416\u0423\u0420\u0410\u041c \u0411\u0410\u0422\u041b\u0410\u0425 \u0422\u0423\u0425\u0410\u0419<\/a>[\/vc_column_text][\/vc_column_inner][\/vc_row_inner][vc_row_inner column_margin=&#8221;default&#8221; text_align=&#8221;left&#8221;][vc_column_inner column_padding=&#8221;no-extra-padding&#8221; column_padding_position=&#8221;all&#8221; background_color_opacity=&#8221;1&#8243; background_hover_color_opacity=&#8221;1&#8243; column_shadow=&#8221;none&#8221; column_border_radius=&#8221;none&#8221; column_link_target=&#8221;_self&#8221; width=&#8221;1\/1&#8243; tablet_width_inherit=&#8221;default&#8221; column_border_width=&#8221;none&#8221; column_border_style=&#8221;solid&#8221; bg_image_animation=&#8221;none&#8221;][vc_column_text]\n<h1>\u0414\u04af\u0440\u044d\u043c \u0436\u0443\u0440\u0430\u043c<\/h1>\n<p>\u0417\u043e\u0440\u0447\u0438\u0433\u0447 \u0442\u044d\u044d\u0432\u044d\u0440 3 \u041e\u041d\u04e8\u0410\u0410\u0422\u04ae\u0413 \u043d\u044c \u0434\u0430\u0440\u0430\u0430\u0445 \u0445\u0443\u0443\u043b\u0438\u0439\u043d \u0445\u04af\u0440\u044d\u044d\u043d\u0434 \u041c\u043e\u043d\u0433\u043e\u043b \u0443\u043b\u0441\u044b\u043d \u0433\u0430\u0437\u0430\u0440 \u043d\u0443\u0442\u0430\u0433\u0442 \u04af\u0439\u043b \u0430\u0436\u0438\u043b\u043b\u0430\u0433\u0430\u0430\u0433\u0430\u0430 \u044f\u0432\u0443\u0443\u043b\u0436 \u0431\u0430\u0439\u043d\u0430. \u0411\u0438\u0434 \u0445\u0443\u0443\u043b\u0438\u0430 \u044d\u0440\u0445\u044d\u043c\u043b\u044d\u043d, \u04af\u043d\u044d\u043d\u0447 \u0448\u0443\u0434\u0430\u0440\u0433\u0430, \u0442\u0430\u0432 \u0442\u0443\u0445\u0442\u0430\u0439 \u04af\u0439\u043b\u0447\u0438\u043b\u0433\u044d\u044d\u0433 \u0431\u0438\u0439 \u0431\u043e\u043b\u0433\u043e\u0445\u043e\u043e\u0440 \u0445\u0438\u0447\u044d\u044d\u043d \u0430\u0436\u0438\u043b\u043b\u0430\u0436 \u0431\u0430\u0439\u043d\u0430.[\/vc_column_text][\/vc_column_inner][\/vc_row_inner][\/vc_column][\/vc_row]\n","protected":false},"excerpt":{"rendered":"<p>[vc_row type=&#8221;in_container&#8221; full_screen_row_position=&#8221;middle&#8221; full_height=&#8221;yes&#8221; scene_position=&#8221;center&#8221; text_color=&#8221;dark&#8221; text_align=&#8221;left&#8221; overlay_strength=&#8221;0.3&#8243; shape_divider_position=&#8221;bottom&#8221; bg_image_animation=&#8221;none&#8221; shape_type=&#8221;&#8221;][vc_column column_padding=&#8221;no-extra-padding&#8221; column_padding_position=&#8221;all&#8221; background_color_opacity=&#8221;1&#8243; background_hover_color_opacity=&#8221;1&#8243; column_link_target=&#8221;_self&#8221; column_shadow=&#8221;none&#8221; column_border_radius=&#8221;none&#8221; width=&#8221;1\/1&#8243; tablet_width_inherit=&#8221;default&#8221; tablet_text_alignment=&#8221;default&#8221; phone_text_alignment=&#8221;default&#8221; column_border_width=&#8221;none&#8221; column_border_style=&#8221;solid&#8221; bg_image_animation=&#8221;none&#8221;][vc_row_inner column_margin=&#8221;default&#8221; text_align=&#8221;left&#8221;][vc_column_inner column_padding=&#8221;no-extra-padding&#8221; column_padding_position=&#8221;all&#8221; background_color_opacity=&#8221;1&#8243; background_hover_color_opacity=&#8221;1&#8243; column_shadow=&#8221;none&#8221; column_border_radius=&#8221;none&#8221; column_link_target=&#8221;_self&#8221; width=&#8221;1\/1&#8243;&#8230;<\/p>\n","protected":false},"author":3,"featured_media":0,"parent":0,"menu_order":0,"comment_status":"closed","ping_status":"closed","template":"","meta":{"footnotes":""},"class_list":["post-70","page","type-page","status-publish"],"_links":{"self":[{"href":"https:\/\/bus3.ub.gov.mn\/index.php?rest_route=\/wp\/v2\/pages\/70","targetHints":{"allow":["GET"]}}],"collection":[{"href":"https:\/\/bus3.ub.gov.mn\/index.php?rest_route=\/wp\/v2\/pages"}],"about":[{"href":"https:\/\/bus3.ub.gov.mn\/index.php?rest_route=\/wp\/v2\/types\/page"}],"author":[{"embeddable":true,"href":"https:\/\/bus3.ub.gov.mn\/index.php?rest_route=\/wp\/v2\/users\/3"}],"replies":[{"embeddable":true,"href":"https:\/\/bus3.ub.gov.mn\/index.php?rest_route=%2Fwp%2Fv2%2Fcomments&post=70"}],"version-history":[{"count":12,"href":"https:\/\/bus3.ub.gov.mn\/index.php?rest_route=\/wp\/v2\/pages\/70\/revisions"}],"predecessor-version":[{"id":1029,"href":"https:\/\/bus3.ub.gov.mn\/index.php?rest_route=\/wp\/v2\/pages\/70\/revisions\/1029"}],"wp:attachment":[{"href":"https:\/\/bus3.ub.gov.mn\/index.php?rest_route=%2Fwp%2Fv2%2Fmedia&parent=70"}],"curies":[{"name":"wp","href":"https:\/\/api.w.org\/{rel}","templated":true}]}}